{"id":17,"date":"2021-05-20T16:46:28","date_gmt":"2021-05-20T16:46:28","guid":{"rendered":"http:\/\/hanoihub.vn\/?page_id=17"},"modified":"2023-07-21T09:58:11","modified_gmt":"2023-07-21T02:58:11","slug":"book-a-tour","status":"publish","type":"page","link":"https:\/\/hanoihub.vn\/?page_id=17","title":{"rendered":"Li\u00ean h\u1ec7"},"content":{"rendered":"<p><iframe src=\"https:\/\/www.google.com\/maps\/embed?pb=!1m18!1m12!1m3!1d3617.270266632874!2d105.8138960751294!3d21.03485468061599!2m3!1f0!2f0!3f0!3m2!1i1024!2i768!4f13.1!3m3!1m2!1s0x3135abab9f05bdab%3A0x562a04862cfb0d24!2zMTEyIE5nLiAyNjAgUC4gxJDDtMyjaSBDw6LMgW4sIExp4buFdSBHaWFpLCBCYSDEkMOsbmgsIEjDoCBO4buZaSwgVmnhu4d0IE5hbQ!5e1!3m2!1svi!2s!4v1689908132344!5m2!1svi!2s\" width=\"100%\" height=\"450\" style=\"border:0;\" allowfullscreen=\"\" loading=\"lazy\" referrerpolicy=\"no-referrer-when-downgrade\"><\/iframe><\/p>\n<div class=\"message-box relative\" style=\"padding-top:40px;padding-bottom:40px;\"><div class=\"message-box-bg-image bg-fill fill\" ><\/div><div class=\"message-box-bg-overlay bg-fill fill\" style=\"background-color:rgb(244, 244, 244);\"><\/div><div class=\"container relative\"><div class=\"inner last-reset\">\n<div class=\"row row-collapse am\"  id=\"row-1558589382\">\n\n\t<div id=\"col-952974610\" class=\"col aol-1 medium-6 small-12 large-6\"  >\n\t\t<div class=\"col-inner\" style=\"background-color:rgb(244, 244, 244);\" >\n\t\t\t\n\t\t\t\n\n\t\t<div class=\"icon-box featured-box hot icon-box-left text-left\"  >\n\t\t\t\t\t<div class=\"icon-box-img has-icon-bg\" style=\"width: 37px\">\n\t\t\t\t<div class=\"icon\">\n\t\t\t\t\t<div class=\"icon-inner\" style=\"border-width:1px;color:rgb(251, 213, 21);\">\n\t\t\t\t\t\t<?xml version=\"1.0\" encoding=\"UTF-8\"?> <!-- Generator: Adobe Illustrator 23.0.1, SVG Export Plug-In . SVG Version: 6.00 Build 0) --> <svg xmlns=\"http:\/\/www.w3.org\/2000\/svg\" xmlns:xlink=\"http:\/\/www.w3.org\/1999\/xlink\" id=\"Capa_1\" x=\"0px\" y=\"0px\" viewBox=\"0 0 512 512\" style=\"enable-background:new 0 0 512 512;\" xml:space=\"preserve\"> <style type=\"text\/css\"> .st0{fill:#FFFFFF;} <\/style> <g> <g> <path class=\"st0\" d=\"M255.9,0c-81.1,0-147.1,66-147.1,147.1c0,33.7,11.7,66.6,32.9,92.7c0.2,0.2,0.3,0.5,0.5,0.7L248,376.1 c1.9,2.4,4.8,3.8,7.9,3.8c3.1,0,6-1.4,7.9-3.8l106.3-136.3c0,0,0.1-0.1,0.1-0.1c21.1-26.1,32.8-58.9,32.8-92.6 C403,66,337,0,255.9,0z M354.5,227.3c-0.1,0.2-0.2,0.3-0.4,0.5l-98.2,125.9l-97.2-124.6c-0.2-0.4-0.5-0.8-0.8-1.1 c-18.7-22.7-29.1-51.4-29.1-80.9C128.8,77,185.8,20,255.9,20S383,77,383,147.1C383,176.3,372.8,204.8,354.5,227.3z\"><\/path> <\/g> <\/g> <g> <g> <path class=\"st0\" d=\"M342.2,123.8c-1.6-5.3-7.1-8.3-12.4-6.8c-5.3,1.6-8.3,7.1-6.8,12.4c7.3,24.6,0.5,51.2-17.6,69.4 c-13.2,13.2-30.8,20.5-49.5,20.5s-36.3-7.3-49.5-20.5c-13.2-13.2-20.5-30.8-20.5-49.5s7.3-36.3,20.5-49.5 c18.2-18.2,44.8-24.9,69.4-17.6c5.3,1.6,10.9-1.5,12.4-6.7c1.6-5.3-1.5-10.9-6.7-12.4c-31.7-9.4-65.9-0.7-89.2,22.7 c-17,17-26.4,39.6-26.4,63.6s9.4,46.6,26.4,63.6s39.6,26.4,63.6,26.4s46.6-9.4,63.6-26.4C342.8,189.6,351.5,155.4,342.2,123.8z\"><\/path> <\/g> <\/g> <g> <g> <path class=\"st0\" d=\"M319.7,85.8l-0.2-0.2c-3.9-3.9-10.2-3.9-14.1,0c-3.9,3.9-3.9,10.2,0,14.1l0.2,0.2c2,2,4.5,2.9,7.1,2.9 s5.1-1,7.1-2.9C323.6,96.1,323.6,89.7,319.7,85.8z\"><\/path> <\/g> <\/g> <g> <g> <path class=\"st0\" d=\"M409.6,305.3c-5.2-1.7-10.9,1.1-12.6,6.4c-1.7,5.2,1.1,10.9,6.4,12.6c55.5,18.3,88.6,45.6,88.6,73.2 c0,23.3-24,46.9-66,64.7C380.8,481.4,320.4,492,256,492s-124.8-10.6-170-29.8c-41.9-17.8-66-41.4-66-64.7 c0-19.5,16.8-39.3,47.4-55.8c32.3-17.4,78-30,128.8-35.5c5.5-0.6,9.5-5.5,8.9-11c-0.6-5.5-5.5-9.5-11-8.9 C140.8,292,92.5,305.4,57.9,324C20.1,344.5,0,369.9,0,397.5c0,32.2,27.7,61.7,78.1,83.1C125.8,500.8,189,512,256,512 s130.2-11.2,177.8-31.4c50.4-21.4,78.1-50.9,78.1-83.1C512,360.3,474.7,326.7,409.6,305.3z\"><\/path> <\/g> <\/g> <g> <g> <path class=\"st0\" d=\"M363.9,293.3l-0.3-0.1c-5.4-1.1-10.7,2.4-11.8,7.8c-1.1,5.4,2.4,10.7,7.8,11.8l0.3,0.1c0.7,0.1,1.3,0.2,2,0.2 c4.7,0,8.8-3.3,9.8-8C372.8,299.7,369.3,294.4,363.9,293.3z\"><\/path> <\/g> <\/g> <g> <g> <path class=\"st0\" d=\"M180.4,337c-1.1-5.4-6.4-8.9-11.8-7.8c-0.2,0-0.5,0.1-0.7,0.2c-5.3,1.5-8.5,6.9-7,12.3 c1.2,4.4,5.2,7.4,9.6,7.4c0.8,0,1.6-0.1,2.4-0.3C178.1,347.4,181.5,342.3,180.4,337z\"><\/path> <\/g> <\/g> <g> <g> <path class=\"st0\" d=\"M289.4,320.7c-5.5-0.4-10.3,3.7-10.7,9.2c-0.4,5.5,3.7,10.3,9.2,10.7c65.3,5.1,100.1,24.2,100.1,36 c0,5.7-9.1,15.4-34.7,23.9c-25.8,8.6-60.3,13.3-97.1,13.3s-71.3-4.7-97.1-13.3c-25.6-8.5-34.7-18.2-34.7-23.9 c0-5.2,7.1-11.8,18.9-17.6c5-2.4,7-8.4,4.6-13.4s-8.4-7-13.4-4.6c-24.9,12.2-30.1,26-30.1,35.5c0,37.6,76.4,57.2,151.9,57.2 s151.9-19.7,151.9-57.2C407.9,342.2,344,325,289.4,320.7z\"><\/path> <\/g> <\/g> <\/svg> \t\t\t\t\t<\/div>\n\t\t\t\t<\/div>\n\t\t\t<\/div>\n\t\t\t\t<div class=\"icon-box-text last-reset\">\n\t\t\t\t\t\t\t\t\t\n<p>S\u1ed1 112 ng\u00f5 260 \u0110\u1ed9i C\u1ea5n Ba \u0110\u00ecnh H\u00e0 N\u1ed9i\u00a0<\/p>\n<p>&nbsp;<\/p>\n\t\t<\/div>\n\t<\/div>\n\t\n\t\n\n\t\t<div class=\"icon-box featured-box hot icon-box-left text-left\"  >\n\t\t\t\t\t<div class=\"icon-box-img has-icon-bg\" style=\"width: 37px\">\n\t\t\t\t<div class=\"icon\">\n\t\t\t\t\t<div class=\"icon-inner\" style=\"border-width:1px;color:rgb(251, 213, 21);\">\n\t\t\t\t\t\t<?xml version=\"1.0\" encoding=\"UTF-8\"?> <!-- Generator: Adobe Illustrator 23.0.1, SVG Export Plug-In . SVG Version: 6.00 Build 0) --> <svg xmlns=\"http:\/\/www.w3.org\/2000\/svg\" xmlns:xlink=\"http:\/\/www.w3.org\/1999\/xlink\" id=\"Capa_1\" x=\"0px\" y=\"0px\" viewBox=\"0 0 512 512\" style=\"enable-background:new 0 0 512 512;\" xml:space=\"preserve\"> <style type=\"text\/css\"> .st0{fill:#FFFFFF;} <\/style> <g> <g> <path class=\"st0\" d=\"M256,0C120.7,0,10.7,110.1,10.7,245.3S120.7,490.7,256,490.7c5.9,0,10.7-4.8,10.7-10.7s-4.8-10.7-10.7-10.7 c-123.5,0-224-100.5-224-224s100.5-224,224-224s224,100.5,224,224c0,43.7-12.6,86.1-36.4,122.5c-3.2,4.9-1.8,11.5,3.1,14.8 c4.9,3.2,11.5,1.9,14.7-3.1c26.1-39.9,39.9-86.3,39.9-134.2C501.3,110.1,391.3,0,256,0z\"><\/path> <\/g> <\/g> <g> <g> <path class=\"st0\" d=\"M371,153.3c-3.7-4.6-10.4-5.3-15-1.7l-89.3,71.5V53.3c0-5.9-4.8-10.7-10.7-10.7s-10.7,4.8-10.7,10.7v192 c0,4.1,2.3,7.8,6,9.6c1.5,0.7,3.1,1,4.6,1c2.4,0,4.7-0.8,6.7-2.3l106.7-85.3C374,164.6,374.7,157.9,371,153.3z\"><\/path> <\/g> <\/g> <g> <g> <path class=\"st0\" d=\"M298.7,362.7h-22.7l31.6-47.4c3.3-4.9,1.9-11.5-3-14.8c-4.9-3.2-11.5-1.9-14.8,3l-42.7,64 c-2.2,3.3-2.4,7.5-0.5,10.9c1.8,3.5,5.4,5.6,9.4,5.6h32v10.7c0,5.9,4.8,10.7,10.7,10.7s10.7-4.8,10.7-10.7v-21.3 C309.3,367.4,304.6,362.7,298.7,362.7z\"><\/path> <\/g> <\/g> <g> <g> <path class=\"st0\" d=\"M234.7,384h-16.9l9.4-9.4c11.7-11.7,18.2-27.3,18.2-43.9c0-17.6-14.4-32-32-32s-32,14.4-32,32 c0,5.9,4.8,10.7,10.7,10.7s10.7-4.8,10.7-10.7s4.8-10.7,10.7-10.7c5.9,0,10.7,4.8,10.7,10.7c0,10.9-4.3,21.1-11.9,28.8l-27.6,27.6 c-3,3.1-3.9,7.6-2.3,11.6c1.6,4,5.5,6.6,9.9,6.6h42.7c5.9,0,10.7-4.8,10.7-10.7S240.6,384,234.7,384z\"><\/path> <\/g> <\/g> <g> <g> <path class=\"st0\" d=\"M388.3,299.6c-5.4-2.4-11.7,0-14.1,5.4l-85.3,192c-2.4,5.4,0,11.7,5.4,14.1c1.4,0.6,2.9,0.9,4.3,0.9 c4.1,0,8-2.3,9.7-6.3l85.3-192C396.1,308.3,393.7,302,388.3,299.6z\"><\/path> <\/g> <\/g> <g> <g> <path class=\"st0\" d=\"M435.8,410.4c-2-3.1-5.4-5.1-9.1-5.1H384c-5.9,0-10.7,4.8-10.7,10.7s4.8,10.7,10.7,10.7h25.4l-35,69.9 c-2.6,5.3-0.5,11.7,4.8,14.3c1.6,0.8,3.2,1.1,4.8,1.1c3.9,0,7.7-2.2,9.5-5.9l42.7-85.3C437.9,417.5,437.7,413.5,435.8,410.4z\"><\/path> <\/g> <\/g> <\/svg> \t\t\t\t\t<\/div>\n\t\t\t\t<\/div>\n\t\t\t<\/div>\n\t\t\t\t<div class=\"icon-box-text last-reset\">\n\t\t\t\t\t\t\t\t\t\n<p>Th\u1ee9 Hai \u0111\u1ebfn Th\u1ee9 B\u1ea3y, 8 gi\u1edd &#8211; 21 gi\u1edd 30 ph\u00fat<\/p>\n<p>Ch\u1ee7 Nh\u1eadt, 9 gi\u1edd &#8211; 17 gi\u1edd 30 ph\u00fat<\/p>\n<p>&nbsp;<\/p>\n\t\t<\/div>\n\t<\/div>\n\t\n\t\n\t\t<\/div>\n\t\t\t<\/div>\n\n\t\n\n\t<div id=\"col-1359165034\" class=\"col aol-1 medium-6 small-12 large-6\"  >\n\t\t<div class=\"col-inner\" style=\"background-color:rgb(244, 244, 244);\" >\n\t\t\t\n\t\t\t\n\n\t\t<div class=\"icon-box featured-box hot icon-box-left text-left\"  >\n\t\t\t\t\t<div class=\"icon-box-img has-icon-bg\" style=\"width: 37px\">\n\t\t\t\t<div class=\"icon\">\n\t\t\t\t\t<div class=\"icon-inner\" style=\"border-width:1px;color:rgb(251, 213, 21);\">\n\t\t\t\t\t\t<?xml version=\"1.0\" encoding=\"UTF-8\"?> <!-- Generator: Adobe Illustrator 23.0.1, SVG Export Plug-In . SVG Version: 6.00 Build 0) --> <svg xmlns=\"http:\/\/www.w3.org\/2000\/svg\" xmlns:xlink=\"http:\/\/www.w3.org\/1999\/xlink\" id=\"Capa_1\" x=\"0px\" y=\"0px\" viewBox=\"0 0 411.6 411.6\" style=\"enable-background:new 0 0 411.6 411.6;\" xml:space=\"preserve\"> <style type=\"text\/css\"> .st0{fill:#FFFFFF;} <\/style> <g> <g> <g> <path class=\"st0\" d=\"M284.4,215.8c-0.8,1.2-0.8,2.4-1.2,4c-0.4,5.2,3.6,10,8.8,10.4c5.2,0.4,10-3.6,10.4-8.8c0-1.2,0-2.4,0.4-4.4 c0-2,0-3.2,0-4.4c0-11.6-2-22.8-5.6-33.6c-4.8-14-13.2-26.4-23.2-36.8c-12.4-12.4-27.6-21.2-44.8-26c-8-2-16.8-3.2-25.2-3.2 c-2.8,0-5.6,0-8.8,0.4c-2.8,0.4-5.6,0.8-8.4,1.2c-5.2,0.8-8.8,6-7.6,10.8c0.8,5.2,6,8.8,10.8,7.6c2.4-0.4,4.4-0.8,6.8-0.8 c0.4,0,0.8,0,1.2,0c2,0,4-0.4,6-0.4c22,0,42.4,8.8,56.8,23.6c14.4,14.4,23.2,34,23.6,56v0.8C284.4,213.8,284.4,215,284.4,215.8z\"><\/path> <path class=\"st0\" d=\"M337.2,224.6c-0.4,5.2,3.6,10,8.8,10.4c5.2,0.4,10-3.6,10.4-8.8c0.4-4.4,0.4-8.8,0.4-13.2 c0-8.8-0.8-17.2-2-25.6c-5.2-32-20.8-60.8-42.8-82.8c-25.2-25.2-58.8-41.6-96-44.4c-4-0.4-8.4-0.4-12.4-0.4 c-4.4,0-8.8,0-13.2,0.4s-8.8,0.8-13.2,1.6c-5.2,0.8-8.8,6-7.6,10.8c0.8,5.2,6,8.8,10.8,7.6c2.8-0.4,5.2-0.8,8-1.2 c1.2,0,2.4-0.4,3.6-0.4c4-0.4,8-0.4,11.6-0.4c13.6,0,26.4,2,38.8,5.6c21.6,6.4,40.8,18,56.4,33.6c12.8,12.8,23.2,28.4,30,45.2 c6,15.2,9.6,32,9.6,49.6c0,1.2,0,2.8,0,4C337.6,219.4,337.2,221.8,337.2,224.6z\"><\/path> <path class=\"st0\" d=\"M350.8,66.2c-38-38-90-61.2-147.6-61.2c-6,0-12,0.4-18,0.8s-12,1.2-18,2.4c-5.2,0.8-8.8,6-7.6,10.8 c0.8,5.2,6,8.8,10.8,7.6c2.8-0.4,5.2-0.8,8-1.2c2.8-0.4,5.6-0.8,8.4-0.8c5.6-0.4,10.8-0.8,16.4-0.8c52,0,99.2,21.2,133.6,55.2 c34,34,55.2,81.2,55.2,133.6c0,2.8,0,6,0,8.8c0,2.4-0.4,4.8-0.4,7.6c-0.4,5.2,3.6,10,8.8,10.4c5.2,0.4,10-3.6,10.4-8.8 c0.4-6,0.8-12,0.8-17.6C411.6,155.8,388.4,103.8,350.8,66.2z\"><\/path> <path class=\"st0\" d=\"M396.8,308.6l-70.8-38c-23.6-12.8-24.4-4.4-49.2,22c-6,6.4-17.2,23.2-30.4,20c-27.6-6.8-79.2-47.2-96-65.6 c-8-8.8-42.4-50.8-42.8-64.4c-0.8-20.8,44.8-31.2,30-70.8L106,41C76.4-27-6.4,81.8,0.4,132.6C18,257.8,237.6,460.2,360,393.4 C387.2,378.2,424,325,396.8,308.6z\"><\/path> <\/g> <\/g> <\/g> <\/svg> \t\t\t\t\t<\/div>\n\t\t\t\t<\/div>\n\t\t\t<\/div>\n\t\t\t\t<div class=\"icon-box-text last-reset\">\n\t\t\t\t\t\t\t\t\t\n<p>090 620 91 00<\/p>\n\t\t<\/div>\n\t<\/div>\n\t\n\t\n\n\t\t<div class=\"icon-box featured-box hot icon-box-left text-left\"  >\n\t\t\t\t\t<div class=\"icon-box-img has-icon-bg\" style=\"width: 37px\">\n\t\t\t\t<div class=\"icon\">\n\t\t\t\t\t<div class=\"icon-inner\" style=\"border-width:1px;color:rgb(251, 213, 21);\">\n\t\t\t\t\t\t<?xml version=\"1.0\" encoding=\"UTF-8\"?> <!-- Generator: Adobe Illustrator 23.0.1, SVG Export Plug-In . SVG Version: 6.00 Build 0) --> <svg xmlns=\"http:\/\/www.w3.org\/2000\/svg\" xmlns:xlink=\"http:\/\/www.w3.org\/1999\/xlink\" id=\"Capa_1\" x=\"0px\" y=\"0px\" viewBox=\"0 0 512 512\" style=\"enable-background:new 0 0 512 512;\" xml:space=\"preserve\"> <style type=\"text\/css\"> .st0{fill:#FFFFFF;} <\/style> <g> <g> <path class=\"st0\" d=\"M467,61H45C20.2,61,0,81.2,0,106v300c0,24.7,20.1,45,45,45h422c24.7,0,45-20.1,45-45V106 C512,81.3,491.9,61,467,61z M460.8,91L257,294.8L51.4,91H460.8z M30,399.8V112.1l144.5,143.2L30,399.8z M51.2,421l144.6-144.6 l50.7,50.2c5.9,5.8,15.3,5.8,21.2,0l49.4-49.4L460.8,421H51.2z M482,399.8L338.2,256L482,112.2V399.8z\"><\/path> <\/g> <\/g> <\/svg> \t\t\t\t\t<\/div>\n\t\t\t\t<\/div>\n\t\t\t<\/div>\n\t\t\t\t<div class=\"icon-box-text last-reset\">\n\t\t\t\t\t\t\t\t\t\n<p>contact@hanoihub.vn<\/p>\n\t\t<\/div>\n\t<\/div>\n\t\n\t\n\t\t<\/div>\n\t\t\t<\/div>\n\n\t\n<\/div>\n<\/div><\/div><\/div>\n\t<div id=\"gap-1437870594\" class=\"gap-element clearfix\" style=\"display:block; height:auto;\">\n\t\t\n<style>\n#gap-1437870594 {\n  padding-top: 30px;\n}\n<\/style>\n\t<\/div>\n\t\n<div class=\"row align-center\"  id=\"row-1414233690\">\n\n\t<div id=\"col-1502226745\" class=\"col medium-10 small-12 large-10\"  >\n\t\t<div class=\"col-inner\"  >\n\t\t\t\n\t\t\t\n<div class=\"wpcf7 no-js\" id=\"wpcf7-f286-o1\" lang=\"vi\" dir=\"ltr\">\n<div class=\"screen-reader-response\"><p role=\"status\" aria-live=\"polite\" aria-atomic=\"true\"><\/p> <ul><\/ul><\/div>\n<form action=\"\/index.php?rest_route=%2Fwp%2Fv2%2Fpages%2F17#wpcf7-f286-o1\" method=\"post\" class=\"wpcf7-form init\" aria-label=\"Contact form\" novalidate=\"novalidate\" data-status=\"init\">\n<div style=\"display: none;\">\n<input type=\"hidden\" name=\"_wpcf7\" value=\"286\" \/>\n<input type=\"hidden\" name=\"_wpcf7_version\" value=\"5.7.2\" \/>\n<input type=\"hidden\" name=\"_wpcf7_locale\" value=\"vi\" \/>\n<input type=\"hidden\" name=\"_wpcf7_unit_tag\" value=\"wpcf7-f286-o1\" \/>\n<input type=\"hidden\" name=\"_wpcf7_container_post\" value=\"0\" \/>\n<input type=\"hidden\" name=\"_wpcf7_posted_data_hash\" value=\"\" \/>\n<\/div>\n<div class=\"dk\">\n\t<div class=\"title1\" wfd-id=\"121\">\n\t\t<p> \u0110\u1eb7t ph\u00f2ng \u0111\u1ec3 c\u00f3 tr\u1ea3i nghi\u1ec7m v\u1edbi ch\u00fang t\u00f4i\n\t\t<\/p>\n\t<\/div>\n\t<div class=\"dk1\">\n\t\t<p><label> Name: *<br \/>\n<span class=\"wpcf7-form-control-wrap\" data-name=\"your-name\"><input size=\"40\" class=\"wpcf7-form-control wpcf7-text wpcf7-validates-as-required\" aria-required=\"true\" aria-invalid=\"false\" value=\"\" type=\"text\" name=\"your-name\" \/><\/span> <\/label>\n\t\t<\/p>\n\t\t<p><label> Company Name:<br \/>\n<span class=\"wpcf7-form-control-wrap\" data-name=\"your-name1\"><input size=\"40\" class=\"wpcf7-form-control wpcf7-text wpcf7-validates-as-required\" aria-required=\"true\" aria-invalid=\"false\" value=\"\" type=\"text\" name=\"your-name1\" \/><\/span> <\/label>\n\t\t<\/p>\n\t<\/div>\n\t<div class=\"dk2\">\n\t\t<p><label> Email *<br \/>\n<span class=\"wpcf7-form-control-wrap\" data-name=\"email-369\"><input size=\"40\" class=\"wpcf7-form-control wpcf7-text wpcf7-email wpcf7-validates-as-email\" aria-invalid=\"false\" value=\"\" type=\"email\" name=\"email-369\" \/><\/span> <\/label>\n\t\t<\/p>\n\t\t<p><label> Phone Number: *<br \/>\n<span class=\"wpcf7-form-control-wrap\" data-name=\"tel-871\"><input size=\"40\" class=\"wpcf7-form-control wpcf7-text wpcf7-tel wpcf7-validates-as-tel\" aria-invalid=\"false\" value=\"\" type=\"tel\" name=\"tel-871\" \/><\/span> <\/label>\n\t\t<\/p>\n\t<\/div>\n\t<p><label> Your message *<br \/>\n<span class=\"wpcf7-form-control-wrap\" data-name=\"your-message\"><textarea cols=\"40\" rows=\"10\" class=\"wpcf7-form-control wpcf7-textarea\" aria-invalid=\"false\" name=\"your-message\"><\/textarea><\/span> <\/label>\n\t<\/p>\n\t<p><input class=\"wpcf7-form-control has-spinner wpcf7-submit\" type=\"submit\" value=\"\u0110\u1eb7t ngay\" \/>\n\t<\/p>\n\t<p class=\"lma-a\">HanoiHub - Kh\u00f4ng gian l\u00e0m vi\u1ec7c XANH v\u00e0 S\u00c1NG T\u1ea0O. V\u1edbi t\u1ea5t c\u1ea3 ni\u1ec1m \u0110AM M\u00ca, ch\u00fang t\u00f4i s\u1ebd l\u00e0 \u0111\u1ed9ng l\u1ef1c gi\u00fap t\u1ea1o ra nh\u1eefng \u00fd t\u01b0\u1edfng M\u1edaI v\u00e0 bi\u1ebfn ch\u00fang th\u00e0nh S\u1ef0 TH\u1eacT\n\t<\/p>\n<\/div><div class=\"wpcf7-response-output\" aria-hidden=\"true\"><\/div><\/form><\/div>\n\t\t<\/div>\n\t\t\t<\/div>\n\n\t\n<\/div>\n","protected":false},"excerpt":{"rendered":"","protected":false},"author":1,"featured_media":0,"parent":0,"menu_order":0,"comment_status":"closed","ping_status":"closed","template":"page-transparent-header.php","meta":[],"yoast_head":"<!-- This site is optimized with the Yoast SEO plugin v19.14 - https:\/\/yoast.com\/wordpress\/plugins\/seo\/ -->\n<title>Li\u00ean h\u1ec7 - hanoihub.vn<\/title>\n<meta name=\"robots\" content=\"index, follow, max-snippet:-1, max-image-preview:large, max-video-preview:-1\" \/>\n<link rel=\"canonical\" href=\"https:\/\/hanoihub.vn\/?page_id=17\" \/>\n<meta property=\"og:locale\" content=\"vi_VN\" \/>\n<meta property=\"og:type\" content=\"article\" \/>\n<meta property=\"og:title\" content=\"Li\u00ean h\u1ec7 - hanoihub.vn\" \/>\n<meta property=\"og:url\" content=\"https:\/\/hanoihub.vn\/?page_id=17\" \/>\n<meta property=\"og:site_name\" content=\"hanoihub.vn\" \/>\n<meta property=\"article:modified_time\" content=\"2023-07-21T02:58:11+00:00\" \/>\n<meta name=\"twitter:card\" content=\"summary_large_image\" \/>\n<meta name=\"twitter:label1\" content=\"\u01af\u1edbc t\u00ednh th\u1eddi gian \u0111\u1ecdc\" \/>\n\t<meta name=\"twitter:data1\" content=\"1 ph\u00fat\" \/>\n<script type=\"application\/ld+json\" class=\"yoast-schema-graph\">{\"@context\":\"https:\/\/schema.org\",\"@graph\":[{\"@type\":\"WebPage\",\"@id\":\"https:\/\/hanoihub.vn\/?page_id=17\",\"url\":\"https:\/\/hanoihub.vn\/?page_id=17\",\"name\":\"Li\u00ean h\u1ec7 - hanoihub.vn\",\"isPartOf\":{\"@id\":\"https:\/\/hanoihub.vn\/#website\"},\"datePublished\":\"2021-05-20T16:46:28+00:00\",\"dateModified\":\"2023-07-21T02:58:11+00:00\",\"breadcrumb\":{\"@id\":\"https:\/\/hanoihub.vn\/?page_id=17#breadcrumb\"},\"inLanguage\":\"vi\",\"potentialAction\":[{\"@type\":\"ReadAction\",\"target\":[\"https:\/\/hanoihub.vn\/?page_id=17\"]}]},{\"@type\":\"BreadcrumbList\",\"@id\":\"https:\/\/hanoihub.vn\/?page_id=17#breadcrumb\",\"itemListElement\":[{\"@type\":\"ListItem\",\"position\":1,\"name\":\"Trang ch\u1ee7\",\"item\":\"https:\/\/hanoihub.vn\/\"},{\"@type\":\"ListItem\",\"position\":2,\"name\":\"Li\u00ean h\u1ec7\"}]},{\"@type\":\"WebSite\",\"@id\":\"https:\/\/hanoihub.vn\/#website\",\"url\":\"https:\/\/hanoihub.vn\/\",\"name\":\"hanoihub.vn\",\"description\":\"M\u1ed9t trang web m\u1edbi s\u1eed d\u1ee5ng WordPress\",\"potentialAction\":[{\"@type\":\"SearchAction\",\"target\":{\"@type\":\"EntryPoint\",\"urlTemplate\":\"https:\/\/hanoihub.vn\/?s={search_term_string}\"},\"query-input\":\"required name=search_term_string\"}],\"inLanguage\":\"vi\"}]}<\/script>\n<!-- \/ Yoast SEO plugin. -->","yoast_head_json":{"title":"Li\u00ean h\u1ec7 - hanoihub.vn","robots":{"index":"index","follow":"follow","max-snippet":"max-snippet:-1","max-image-preview":"max-image-preview:large","max-video-preview":"max-video-preview:-1"},"canonical":"https:\/\/hanoihub.vn\/?page_id=17","og_locale":"vi_VN","og_type":"article","og_title":"Li\u00ean h\u1ec7 - hanoihub.vn","og_url":"https:\/\/hanoihub.vn\/?page_id=17","og_site_name":"hanoihub.vn","article_modified_time":"2023-07-21T02:58:11+00:00","twitter_card":"summary_large_image","twitter_misc":{"\u01af\u1edbc t\u00ednh th\u1eddi gian \u0111\u1ecdc":"1 ph\u00fat"},"schema":{"@context":"https:\/\/schema.org","@graph":[{"@type":"WebPage","@id":"https:\/\/hanoihub.vn\/?page_id=17","url":"https:\/\/hanoihub.vn\/?page_id=17","name":"Li\u00ean h\u1ec7 - hanoihub.vn","isPartOf":{"@id":"https:\/\/hanoihub.vn\/#website"},"datePublished":"2021-05-20T16:46:28+00:00","dateModified":"2023-07-21T02:58:11+00:00","breadcrumb":{"@id":"https:\/\/hanoihub.vn\/?page_id=17#breadcrumb"},"inLanguage":"vi","potentialAction":[{"@type":"ReadAction","target":["https:\/\/hanoihub.vn\/?page_id=17"]}]},{"@type":"BreadcrumbList","@id":"https:\/\/hanoihub.vn\/?page_id=17#breadcrumb","itemListElement":[{"@type":"ListItem","position":1,"name":"Trang ch\u1ee7","item":"https:\/\/hanoihub.vn\/"},{"@type":"ListItem","position":2,"name":"Li\u00ean h\u1ec7"}]},{"@type":"WebSite","@id":"https:\/\/hanoihub.vn\/#website","url":"https:\/\/hanoihub.vn\/","name":"hanoihub.vn","description":"M\u1ed9t trang web m\u1edbi s\u1eed d\u1ee5ng WordPress","potentialAction":[{"@type":"SearchAction","target":{"@type":"EntryPoint","urlTemplate":"https:\/\/hanoihub.vn\/?s={search_term_string}"},"query-input":"required name=search_term_string"}],"inLanguage":"vi"}]}},"_links":{"self":[{"href":"https:\/\/hanoihub.vn\/index.php?rest_route=\/wp\/v2\/pages\/17"}],"collection":[{"href":"https:\/\/hanoihub.vn\/index.php?rest_route=\/wp\/v2\/pages"}],"about":[{"href":"https:\/\/hanoihub.vn\/index.php?rest_route=\/wp\/v2\/types\/page"}],"author":[{"embeddable":true,"href":"https:\/\/hanoihub.vn\/index.php?rest_route=\/wp\/v2\/users\/1"}],"replies":[{"embeddable":true,"href":"https:\/\/hanoihub.vn\/index.php?rest_route=%2Fwp%2Fv2%2Fcomments&post=17"}],"version-history":[{"count":19,"href":"https:\/\/hanoihub.vn\/index.php?rest_route=\/wp\/v2\/pages\/17\/revisions"}],"predecessor-version":[{"id":913,"href":"https:\/\/hanoihub.vn\/index.php?rest_route=\/wp\/v2\/pages\/17\/revisions\/913"}],"wp:attachment":[{"href":"https:\/\/hanoihub.vn\/index.php?rest_route=%2Fwp%2Fv2%2Fmedia&parent=17"}],"curies":[{"name":"wp","href":"https:\/\/api.w.org\/{rel}","templated":true}]}}