{"id":15,"date":"2021-05-20T16:46:10","date_gmt":"2021-05-20T16:46:10","guid":{"rendered":"http:\/\/hanoihub.vn\/?page_id=15"},"modified":"2022-07-18T09:18:47","modified_gmt":"2022-07-18T09:18:47","slug":"faq","status":"publish","type":"page","link":"https:\/\/hanoihub.vn\/?page_id=15","title":{"rendered":"C\u00e2u h\u1ecfi"},"content":{"rendered":"\n  <div class=\"banner has-hover\" id=\"banner-344107728\">\n          <div class=\"banner-inner fill\">\n        <div class=\"banner-bg fill\" >\n            <div class=\"bg fill bg-fill \"><\/div>\n                        <div class=\"overlay\"><\/div>            \n                    <\/div>\n        <div class=\"banner-layers container\">\n            <div class=\"fill banner-link\"><\/div>                <div id=\"text-box-264639405\" class=\"text-box banner-layer x50 md-x50 lg-x50 y100 md-y100 lg-y100 res-text\">\n                                <div class=\"text dark\">\n              \n              <div class=\"text-inner text-center\">\n                  \n<h3 class=\"uppercase\"><strong>C\u00e2u h\u1ecfi\u00a0<\/strong><\/h3>\n<p>&nbsp;<\/p>\n<p>&nbsp;<\/p>\n              <\/div>\n           <\/div>\n                            \n<style>\n#text-box-264639405 {\n  width: 60%;\n}\n#text-box-264639405 .text {\n  font-size: 100%;\n}\n<\/style>\n    <\/div>\n          <\/div>\n      <\/div>\n\n            \n<style>\n#banner-344107728 {\n  padding-top: 313px;\n}\n#banner-344107728 .bg.bg-loaded {\n  background-image: url(https:\/\/hanoihub.vn\/wp-content\/uploads\/2021\/05\/DSC_0142-21-1024x680.jpg);\n}\n#banner-344107728 .overlay {\n  background-color: rgba(211, 211, 211, 1);\n}\n#banner-344107728 .bg {\n  background-position: 30% 41%;\n}\n<\/style>\n  <\/div>\n\n <div class=\"row\"  id=\"row-611614661\"> \n\t<div id=\"col-484605291\" class=\"col medium-8 small-12 large-8\"  >\n\t\t<div class=\"col-inner\"  >\n\t\t\t\n\t\t\t\n<h3><span style=\"color: #696969;\">H\u1ee3p \u0111\u1ed3ng<\/span><\/h3>\n<p>&nbsp;<\/p>\n<div class=\"accordion\" rel=\"\"> <div class=\"accordion-item\"><a href=\"#\" class=\"accordion-title plain\"><button class=\"toggle\"><i class=\"icon-angle-down\"><\/i><\/button><span>C\u00f3 c\u1ea7n \u0111\u1eb7t c\u1ecdc kh\u00f4ng?<\/span><\/a><div class=\"accordion-inner\">\n<p><strong><span style=\"color: #d3d3d3;\">C\u00f3, ch\u00fang t\u00f4i s\u1ebd y\u00eau c\u1ea7u \u0111\u1eb7t c\u1ecdc 2 th\u00e1ng cho c\u00e1c h\u1ee3p \u0111\u1ed3ng thu\u00ea tr\u00ean 3 th\u00e1ng. B\u1ea5t c\u1ee9 th\u1ee9 g\u00ec \u00edt h\u01a1n, ch\u00fang t\u00f4i s\u1ebd ch\u1ec9 thu ti\u1ec1n \u0111\u1eb7t c\u1ecdc 1 th\u00e1ng<\/span><\/strong><\/p>\n<\/div><\/div> <div class=\"accordion-item\"><a href=\"#\" class=\"accordion-title plain\"><button class=\"toggle\"><i class=\"icon-angle-down\"><\/i><\/button><span>HanoiHub c\u00f3 b\u1ea5t k\u1ef3 kho\u1ea3n ph\u00ed b\u1ed5 sung n\u00e0o ngo\u00e0i ti\u1ec1n thu\u00ea h\u00e0ng th\u00e1ng kh\u00f4ng?<\/span><\/a><div class=\"accordion-inner\">\n<p><strong><span style=\"color: #d3d3d3;\">Kh\u00f4ng, Ph\u00ed ch\u1ec9 ph\u00e1t sinh th\u00eam n\u1ebfu c\u00e1c b\u1ea1n c\u00f3 nhu c\u1ea7u\u00a0 th\u00eam ng\u01b0\u1eddi.<\/span><\/strong><\/p>\n<\/div><\/div> <div class=\"accordion-item\"><a href=\"#\" class=\"accordion-title plain\"><button class=\"toggle\"><i class=\"icon-angle-down\"><\/i><\/button><span>Ch\u00fang t\u00f4i c\u00f3 \u0111\u01b0\u1ee3c ph\u00e9p t\u1ea1m d\u1eebng ho\u1eb7c ch\u1ea5m d\u1ee9t h\u1ee3p \u0111\u1ed3ng c\u1ee7a m\u00ecnh kh\u00f4ng?<\/span><\/a><div class=\"accordion-inner\"><\/div><\/div>\u00a0<\/p>\n<h3><span style=\"color: #696969;\">Ph\u00f2ng H\u1ecdp\/ H\u1ed9i Th\u1ea3o<\/span><\/h3>\n<div class=\"accordion\" rel=\"\"><\/div> <\/div> <div class=\"accordion\" rel=\"\"> <div class=\"accordion-item\"><a href=\"#\" class=\"accordion-title plain\"><button class=\"toggle\"><i class=\"icon-angle-down\"><\/i><\/button><span>C\u00f3 c\u1ea7n \u0111\u1eb7t c\u1ecdc kh\u00f4ng?<\/span><\/a><div class=\"accordion-inner\">\n<p><strong><span style=\"color: #d3d3d3;\">Ch\u00fang t\u00f4i y\u00eau c\u1ea7u thanh to\u00e1n 100% cho c\u00e1c l\u1ecbch thu\u00ea ph\u00f2ng h\u1ecdp v\u00e0 h\u1ed9i th\u1ea3o<\/span><\/strong><\/p>\n<\/div><\/div> <div class=\"accordion-item\"><a href=\"#\" class=\"accordion-title plain\"><button class=\"toggle\"><i class=\"icon-angle-down\"><\/i><\/button><span>Ch\u00fang t\u00f4i c\u00f3 \u0111\u01b0\u1ee3c ph\u00e9p t\u1ea1m d\u1eebng ho\u1eb7c ch\u1ea5m d\u1ee9t h\u1ee3p \u0111\u1ed3ng c\u1ee7a m\u00ecnh kh\u00f4ng?<\/span><\/a><div class=\"accordion-inner\">\u00a0<\/p>\n<p><strong><span style=\"color: #d3d3d3;\">Kh\u00f4ng, Ph\u00ed ch\u1ec9 ph\u00e1t sinh th\u00eam n\u1ebfu c\u00e1c b\u1ea1n c\u00f3 nhu c\u1ea7u th\u00eam ng\u01b0\u1eddi.<\/span><\/strong><\/p>\n<\/div><\/div> <div class=\"accordion-item\"><a href=\"#\" class=\"accordion-title plain\"><button class=\"toggle\"><i class=\"icon-angle-down\"><\/i><\/button><span>Ch\u00fang t\u00f4i c\u00f3 \u0111\u01b0\u1ee3c ph\u00e9p thay \u0111\u1ed5i l\u1ecbch h\u1eb9n c\u1ee7a m\u00ecnh kh\u00f4ng?<\/span><\/a><div class=\"accordion-inner\">\n<p><strong><span style=\"color: #d3d3d3;\">B\u1ea1n c\u00f3 th\u1ec3 thay \u0111\u1ed5i l\u1ecbch h\u1eb9n \u00edt nh\u1ea5t tr\u01b0\u1edbc 24 gi\u1edd.<\/span><\/strong><\/p>\n<\/div><\/div> <\/div> \t\t<\/div>\n\t\t\t<\/div>\n\n\t \n\t<div id=\"col-1038217711\" class=\"col medium-4 small-12 large-4\"  >\n\t\t<div class=\"col-inner\"  >\n\t\t\t\n\t\t\t\n<div class=\"textwidget custom-html-widget\">\n<h3><span style=\"font-size: 110%; color: #696969;\">Li\u00ean h\u1ec7 ch\u00fang t\u00f4i<\/span><\/h3>\n<ul>\n<li><strong><span style=\"color: #d3d3d3;\">\u0110\u1ecba ch\u1ec9: S\u1ed1 2 Ng\u00f5 59 L\u00e1ng H\u1ea1, Ph\u01b0\u1eddng Th\u00e0nh C\u00f4ng, Qu\u1eadn Ba \u0110\u00ecnh, H\u00e0 N\u1ed9i\u00a0<\/span><\/strong><\/li>\n<\/ul>\n<p style=\"padding-left: 80px;\"><strong><span style=\"color: #d3d3d3;\">S\u1ed1 112 Ng\u00f5 260 \u0110\u1ed9i C\u1ea5n, Ph\u01b0\u1eddng Li\u1ec5u Giai, Qu\u1eadn Ba \u0110\u00ecnh, H\u00e0 N\u1ed9i<\/span><\/strong><\/p>\n<ul>\n<li><strong><span style=\"color: #d3d3d3;\">Gi\u1edd m\u1edf c\u1eeda: Th\u1ee9 Hai- Ch\u1ee7 nh\u1eadt, 8:00 &#8211; 21:00 (Ngh\u0129 c\u00e1c ng\u00e0y L\u1ec5, T\u1ebft theo Quy \u0111\u1ecbnh Nh\u00e0 N\u01b0\u1edbc)<\/span><\/strong><\/li>\n<li><strong><span style=\"color: #d3d3d3;\">\u0110i\u1ec7n tho\u1ea1i: 090 367 29 04 (L\u00e1ng H\u1ea1) ho\u1eb7c 090 6209 100 (\u0110\u1ed9i C\u1ea5n)<\/span><\/strong><\/li>\n<li><strong><span style=\"color: #d3d3d3;\">Email: contact@hanoihub.vn (L\u00e1ng H\u1ea1) ho\u1eb7c thas.contact.22@gmail.com (\u0110\u1ed9i C\u1ea5n)<\/span><\/strong><\/li>\n<\/ul>\n<\/div>\n<p>&nbsp;<\/p>\n\t\t<\/div>\n\t\t\t<\/div>\n\n\t <\/div>\n","protected":false},"excerpt":{"rendered":"","protected":false},"author":1,"featured_media":0,"parent":0,"menu_order":0,"comment_status":"closed","ping_status":"closed","template":"page-transparent-header.php","meta":[],"yoast_head":"<!-- This site is optimized with the Yoast SEO plugin v19.14 - https:\/\/yoast.com\/wordpress\/plugins\/seo\/ -->\n<title>C\u00e2u h\u1ecfi - hanoihub.vn<\/title>\n<meta name=\"robots\" content=\"index, follow, max-snippet:-1, max-image-preview:large, max-video-preview:-1\" \/>\n<link rel=\"canonical\" href=\"https:\/\/hanoihub.vn\/?page_id=15\" \/>\n<meta property=\"og:locale\" content=\"vi_VN\" \/>\n<meta property=\"og:type\" content=\"article\" \/>\n<meta property=\"og:title\" content=\"C\u00e2u h\u1ecfi - hanoihub.vn\" \/>\n<meta property=\"og:url\" content=\"https:\/\/hanoihub.vn\/?page_id=15\" \/>\n<meta property=\"og:site_name\" content=\"hanoihub.vn\" \/>\n<meta property=\"article:modified_time\" content=\"2022-07-18T09:18:47+00:00\" \/>\n<meta name=\"twitter:card\" content=\"summary_large_image\" \/>\n<meta name=\"twitter:label1\" content=\"\u01af\u1edbc t\u00ednh th\u1eddi gian \u0111\u1ecdc\" \/>\n\t<meta name=\"twitter:data1\" content=\"2 ph\u00fat\" \/>\n<script type=\"application\/ld+json\" class=\"yoast-schema-graph\">{\"@context\":\"https:\/\/schema.org\",\"@graph\":[{\"@type\":\"WebPage\",\"@id\":\"https:\/\/hanoihub.vn\/?page_id=15\",\"url\":\"https:\/\/hanoihub.vn\/?page_id=15\",\"name\":\"C\u00e2u h\u1ecfi - hanoihub.vn\",\"isPartOf\":{\"@id\":\"https:\/\/hanoihub.vn\/#website\"},\"datePublished\":\"2021-05-20T16:46:10+00:00\",\"dateModified\":\"2022-07-18T09:18:47+00:00\",\"breadcrumb\":{\"@id\":\"https:\/\/hanoihub.vn\/?page_id=15#breadcrumb\"},\"inLanguage\":\"vi\",\"potentialAction\":[{\"@type\":\"ReadAction\",\"target\":[\"https:\/\/hanoihub.vn\/?page_id=15\"]}]},{\"@type\":\"BreadcrumbList\",\"@id\":\"https:\/\/hanoihub.vn\/?page_id=15#breadcrumb\",\"itemListElement\":[{\"@type\":\"ListItem\",\"position\":1,\"name\":\"Trang ch\u1ee7\",\"item\":\"https:\/\/hanoihub.vn\/\"},{\"@type\":\"ListItem\",\"position\":2,\"name\":\"C\u00e2u h\u1ecfi\"}]},{\"@type\":\"WebSite\",\"@id\":\"https:\/\/hanoihub.vn\/#website\",\"url\":\"https:\/\/hanoihub.vn\/\",\"name\":\"hanoihub.vn\",\"description\":\"M\u1ed9t trang web m\u1edbi s\u1eed d\u1ee5ng WordPress\",\"potentialAction\":[{\"@type\":\"SearchAction\",\"target\":{\"@type\":\"EntryPoint\",\"urlTemplate\":\"https:\/\/hanoihub.vn\/?s={search_term_string}\"},\"query-input\":\"required name=search_term_string\"}],\"inLanguage\":\"vi\"}]}<\/script>\n<!-- \/ Yoast SEO plugin. -->","yoast_head_json":{"title":"C\u00e2u h\u1ecfi - hanoihub.vn","robots":{"index":"index","follow":"follow","max-snippet":"max-snippet:-1","max-image-preview":"max-image-preview:large","max-video-preview":"max-video-preview:-1"},"canonical":"https:\/\/hanoihub.vn\/?page_id=15","og_locale":"vi_VN","og_type":"article","og_title":"C\u00e2u h\u1ecfi - hanoihub.vn","og_url":"https:\/\/hanoihub.vn\/?page_id=15","og_site_name":"hanoihub.vn","article_modified_time":"2022-07-18T09:18:47+00:00","twitter_card":"summary_large_image","twitter_misc":{"\u01af\u1edbc t\u00ednh th\u1eddi gian \u0111\u1ecdc":"2 ph\u00fat"},"schema":{"@context":"https:\/\/schema.org","@graph":[{"@type":"WebPage","@id":"https:\/\/hanoihub.vn\/?page_id=15","url":"https:\/\/hanoihub.vn\/?page_id=15","name":"C\u00e2u h\u1ecfi - hanoihub.vn","isPartOf":{"@id":"https:\/\/hanoihub.vn\/#website"},"datePublished":"2021-05-20T16:46:10+00:00","dateModified":"2022-07-18T09:18:47+00:00","breadcrumb":{"@id":"https:\/\/hanoihub.vn\/?page_id=15#breadcrumb"},"inLanguage":"vi","potentialAction":[{"@type":"ReadAction","target":["https:\/\/hanoihub.vn\/?page_id=15"]}]},{"@type":"BreadcrumbList","@id":"https:\/\/hanoihub.vn\/?page_id=15#breadcrumb","itemListElement":[{"@type":"ListItem","position":1,"name":"Trang ch\u1ee7","item":"https:\/\/hanoihub.vn\/"},{"@type":"ListItem","position":2,"name":"C\u00e2u h\u1ecfi"}]},{"@type":"WebSite","@id":"https:\/\/hanoihub.vn\/#website","url":"https:\/\/hanoihub.vn\/","name":"hanoihub.vn","description":"M\u1ed9t trang web m\u1edbi s\u1eed d\u1ee5ng WordPress","potentialAction":[{"@type":"SearchAction","target":{"@type":"EntryPoint","urlTemplate":"https:\/\/hanoihub.vn\/?s={search_term_string}"},"query-input":"required name=search_term_string"}],"inLanguage":"vi"}]}},"_links":{"self":[{"href":"https:\/\/hanoihub.vn\/index.php?rest_route=\/wp\/v2\/pages\/15"}],"collection":[{"href":"https:\/\/hanoihub.vn\/index.php?rest_route=\/wp\/v2\/pages"}],"about":[{"href":"https:\/\/hanoihub.vn\/index.php?rest_route=\/wp\/v2\/types\/page"}],"author":[{"embeddable":true,"href":"https:\/\/hanoihub.vn\/index.php?rest_route=\/wp\/v2\/users\/1"}],"replies":[{"embeddable":true,"href":"https:\/\/hanoihub.vn\/index.php?rest_route=%2Fwp%2Fv2%2Fcomments&post=15"}],"version-history":[{"count":30,"href":"https:\/\/hanoihub.vn\/index.php?rest_route=\/wp\/v2\/pages\/15\/revisions"}],"predecessor-version":[{"id":795,"href":"https:\/\/hanoihub.vn\/index.php?rest_route=\/wp\/v2\/pages\/15\/revisions\/795"}],"wp:attachment":[{"href":"https:\/\/hanoihub.vn\/index.php?rest_route=%2Fwp%2Fv2%2Fmedia&parent=15"}],"curies":[{"name":"wp","href":"https:\/\/api.w.org\/{rel}","templated":true}]}}